{"id":31,"date":"2023-01-27T11:40:31","date_gmt":"2023-01-27T11:40:31","guid":{"rendered":"https:\/\/cooperativamiramar.com.ar\/?page_id=31"},"modified":"2023-01-31T10:05:27","modified_gmt":"2023-01-31T10:05:27","slug":"servicios-sociales","status":"publish","type":"page","link":"https:\/\/cooperativamiramar.com.ar\/?page_id=31","title":{"rendered":"Servicios Sociales"},"content":{"rendered":"\n<p>La Cooperativa ofrece a los usuarios diferentes servicios sociales:<\/p>\n\n\n\n<p>Ambulancia<\/p>\n\n\n\n<p>Esta prestaci\u00f3n entrar\u00e1 en el plan colectivo de financiaci\u00f3n si la misma se realiza dentro de un radio de 200 kil\u00f3metros nuestra localidad.<\/p>\n\n\n\n<p>Para la utilizaci\u00f3n del servicio, se deber\u00e1 indefectiblemente presentar certificado m\u00e9dico que indique que el paciente debe ser trasladado en ambulancia, o que hubiera fallecido.<\/p>\n\n\n\n<p>En caso de que el usuario est\u00e9 bajo tratamientos m\u00e9dicos prolongados, solo podr\u00e1 hacer uso de la ambulancia dos veces al mes.<\/p>\n\n\n\n<p>En caso de que el m\u00e9dico considere que el paciente requiera de servicio de atenci\u00f3n m\u00e9dica y\/o enfermer\u00eda durante el traslado, deber\u00e1 ser acompa\u00f1ado por un facultativo, el cual ser\u00e1 abonado por el usuario.<\/p>\n\n\n\n<p>Banco de Sangre<\/p>\n\n\n\n<p>Servicios de Sepelio<\/p>\n\n\n\n<p>Cuota de ingreso: diez por ciento (10%) del valor del ata\u00fad utilizado como tipo al d\u00eda de la fecha.<br>Per\u00edodo de carencia: ciento ochenta d\u00edas a partir de la fecha de suscripci\u00f3n del servicio.<br>Podr\u00e1n hacer uso del servicio el c\u00f3nyuge, hijos y dem\u00e1s familiares que tengan dependencia del asociado siempre que convivan en la misma vivienda.<\/p>\n\n\n\n<p>Equipos Ortop\u00e9dicos<\/p>\n\n\n\n<p>Presentar el certificado m\u00e9dico con el pedido de uso del elemento solicitante y tiempo estimado del usufructo para su recuperaci\u00f3n.<br>El servicio se hace extensivo al c\u00f3nyuge, hijos y dem\u00e1s familiares que est\u00e9n a cargo del asociado siempre que convivan en una misma vivienda y tengan dependencia del mismo. El pr\u00e9stamo se realizar\u00e1 sin cargo alguno durante los primeros noventa (90) d\u00edas, luego de transcurrido dicho plazo tendr\u00e1 un costo mensual, en concepto de alquiler por el bien solicitado.<\/p>\n\n\n\n<p>Ver cartilla de profesionales de: <a href=\"https:\/\/cooperativamiramar.com.ar\/?page_id=41\">SALUCOOP<\/a><\/p>\n","protected":false},"excerpt":{"rendered":"<p>La Cooperativa ofrece a los usuarios diferentes servicios sociales: Ambulancia Esta prestaci\u00f3n entrar\u00e1 en el&#8230;<\/p>\n","protected":false},"author":1,"featured_media":0,"parent":12,"menu_order":4,"comment_status":"closed","ping_status":"closed","template":"","meta":{"footnotes":""},"class_list":["post-31","page","type-page","status-publish","hentry"],"_links":{"self":[{"href":"https:\/\/cooperativamiramar.com.ar\/index.php?rest_route=\/wp\/v2\/pages\/31","targetHints":{"allow":["GET"]}}],"collection":[{"href":"https:\/\/cooperativamiramar.com.ar\/index.php?rest_route=\/wp\/v2\/pages"}],"about":[{"href":"https:\/\/cooperativamiramar.com.ar\/index.php?rest_route=\/wp\/v2\/types\/page"}],"author":[{"embeddable":true,"href":"https:\/\/cooperativamiramar.com.ar\/index.php?rest_route=\/wp\/v2\/users\/1"}],"replies":[{"embeddable":true,"href":"https:\/\/cooperativamiramar.com.ar\/index.php?rest_route=%2Fwp%2Fv2%2Fcomments&post=31"}],"version-history":[{"count":3,"href":"https:\/\/cooperativamiramar.com.ar\/index.php?rest_route=\/wp\/v2\/pages\/31\/revisions"}],"predecessor-version":[{"id":94,"href":"https:\/\/cooperativamiramar.com.ar\/index.php?rest_route=\/wp\/v2\/pages\/31\/revisions\/94"}],"up":[{"embeddable":true,"href":"https:\/\/cooperativamiramar.com.ar\/index.php?rest_route=\/wp\/v2\/pages\/12"}],"wp:attachment":[{"href":"https:\/\/cooperativamiramar.com.ar\/index.php?rest_route=%2Fwp%2Fv2%2Fmedia&parent=31"}],"curies":[{"name":"wp","href":"https:\/\/api.w.org\/{rel}","templated":true}]}}