{"id":35,"date":"2023-01-27T11:43:44","date_gmt":"2023-01-27T11:43:44","guid":{"rendered":"https:\/\/cooperativamiramar.com.ar\/?page_id=35"},"modified":"2023-01-31T10:27:09","modified_gmt":"2023-01-31T10:27:09","slug":"tv-por-cable","status":"publish","type":"page","link":"https:\/\/cooperativamiramar.com.ar\/?page_id=35","title":{"rendered":"TV por Cable"},"content":{"rendered":"\n<p>CANAL 99<\/p>\n\n\n\n<p>Canal de servicios de los abonados a la TV Cable. Emite una se\u00f1al con im\u00e1genes de c\u00e1maras ubicadas en las principales avenidas, playas y paseos p\u00fablicos de Miramar de Ansenuza con informaci\u00f3n de servicios como gu\u00eda de restaurantes, paseos, cartelera de espect\u00e1culos, excursiones y mensajes a los abonados.<\/p>\n\n\n\n<p><a href=\"https:\/\/solumedia.com.ar\/video\/cardinal\/\" target=\"_blank\" rel=\"noreferrer noopener\">VER CANAL<\/a><\/p>\n","protected":false},"excerpt":{"rendered":"<p>CANAL 99 Canal de servicios de los abonados a la TV Cable. Emite una se\u00f1al&#8230;<\/p>\n","protected":false},"author":1,"featured_media":0,"parent":12,"menu_order":6,"comment_status":"closed","ping_status":"closed","template":"","meta":{"footnotes":""},"class_list":["post-35","page","type-page","status-publish","hentry"],"_links":{"self":[{"href":"https:\/\/cooperativamiramar.com.ar\/index.php?rest_route=\/wp\/v2\/pages\/35","targetHints":{"allow":["GET"]}}],"collection":[{"href":"https:\/\/cooperativamiramar.com.ar\/index.php?rest_route=\/wp\/v2\/pages"}],"about":[{"href":"https:\/\/cooperativamiramar.com.ar\/index.php?rest_route=\/wp\/v2\/types\/page"}],"author":[{"embeddable":true,"href":"https:\/\/cooperativamiramar.com.ar\/index.php?rest_route=\/wp\/v2\/users\/1"}],"replies":[{"embeddable":true,"href":"https:\/\/cooperativamiramar.com.ar\/index.php?rest_route=%2Fwp%2Fv2%2Fcomments&post=35"}],"version-history":[{"count":2,"href":"https:\/\/cooperativamiramar.com.ar\/index.php?rest_route=\/wp\/v2\/pages\/35\/revisions"}],"predecessor-version":[{"id":95,"href":"https:\/\/cooperativamiramar.com.ar\/index.php?rest_route=\/wp\/v2\/pages\/35\/revisions\/95"}],"up":[{"embeddable":true,"href":"https:\/\/cooperativamiramar.com.ar\/index.php?rest_route=\/wp\/v2\/pages\/12"}],"wp:attachment":[{"href":"https:\/\/cooperativamiramar.com.ar\/index.php?rest_route=%2Fwp%2Fv2%2Fmedia&parent=35"}],"curies":[{"name":"wp","href":"https:\/\/api.w.org\/{rel}","templated":true}]}}