{"id":43,"date":"2023-01-27T11:47:58","date_gmt":"2023-01-27T11:47:58","guid":{"rendered":"https:\/\/cooperativamiramar.com.ar\/?page_id=43"},"modified":"2023-01-31T09:59:11","modified_gmt":"2023-01-31T09:59:11","slug":"historia","status":"publish","type":"page","link":"https:\/\/cooperativamiramar.com.ar\/?page_id=43","title":{"rendered":"Historia"},"content":{"rendered":"\n<p>La Cooperativa El\u00e9ctrica y de Servicios P\u00fablicos Miramar Limitada, se funda el 14 de mayo de 1964, inicia sus actividades el 21 de enero del a\u00f1o 1965, bajo el Decreto N\u00ba 1711 Serie \u201cA\u201d de Inspecciones Sociedades Jur\u00eddicas, inscripta en el INAES N\u00ba 5679, AFIP, Cuit N\u00ba 30-54580769-2, con domicilio en Calle Libertad N\u00ba 175 de la Localidad de Miramar, Provincia de C\u00f3rdoba.<br>La Cooperativa surge como iniciativa de animosos pobladores, visionarios con af\u00e1n de lucha, que bajo los objetivos del cooperativismo se unieron y trabajaron arduamente para lograr brindar a la poblaci\u00f3n de Miramar la energ\u00eda el\u00e9ctrica, tanto en la Zona urbana como rural, podemos decir que fue una de las primeras Cooperativas que construy\u00f3 un tendido de red el\u00e9ctrica para abastecer con energ\u00eda la zona rural, debido a que la misma contaba con much\u00edsimos colonos agropecuarios y con grandes criaderos de nutrias.<br>La Cooperativa comienza a dar sus primeros pasos en el a\u00f1o 1965 con solo 437 usuarios que consum\u00edan anualmente 276.248 Kw, y concluye el Ejercicio 2019 con 1598 usuarios que demandaron 8.566.720 Kw.<br>A lo largo de los a\u00f1os transcurridos la Cooperativa, atenta al desarrollo poblacional y la necesidades que la Localidad demandaba fue creando nuevos servicios que hoy los pobladores utilizan.<br>En la actualidad la cooperativa brinda los siguientes servicios:<\/p>\n\n\n\n<p>\u2013 Servicio de Energ\u00eda Urbana<br>\u2013 Servicio de Energ\u00eda Rural<br>\u2013 Servicio de Gr\u00faa<br>\u2013 Servicio de Sepelio<br>\u2013 Servicio de Ambulancia<br>\u2013 Servicio Banco de Sangre<br>\u2013 Servicio de Ortopedia<br>\u2013 Servicio de Fax a Instituciones P\u00fablicas<br>\u2013 Museo Fotogr\u00e1fico<br>\u2013 Servicio de Cremaci\u00f3n<br>\u2013 Beneficios Asistenciales<br>\u2013 Servicio de Pozos Semisurgentes<br>\u2013 Telefon\u00eda Corporativa<br>\u2013 V\u00eddeo Cable<br>\u2013 Internet por fibra \u00f3ptica y por aire<\/p>\n","protected":false},"excerpt":{"rendered":"<p>La Cooperativa El\u00e9ctrica y de Servicios P\u00fablicos Miramar Limitada, se funda el 14 de mayo&#8230;<\/p>\n","protected":false},"author":1,"featured_media":0,"parent":14,"menu_order":1,"comment_status":"closed","ping_status":"closed","template":"","meta":{"footnotes":""},"class_list":["post-43","page","type-page","status-publish","hentry"],"_links":{"self":[{"href":"https:\/\/cooperativamiramar.com.ar\/index.php?rest_route=\/wp\/v2\/pages\/43","targetHints":{"allow":["GET"]}}],"collection":[{"href":"https:\/\/cooperativamiramar.com.ar\/index.php?rest_route=\/wp\/v2\/pages"}],"about":[{"href":"https:\/\/cooperativamiramar.com.ar\/index.php?rest_route=\/wp\/v2\/types\/page"}],"author":[{"embeddable":true,"href":"https:\/\/cooperativamiramar.com.ar\/index.php?rest_route=\/wp\/v2\/users\/1"}],"replies":[{"embeddable":true,"href":"https:\/\/cooperativamiramar.com.ar\/index.php?rest_route=%2Fwp%2Fv2%2Fcomments&post=43"}],"version-history":[{"count":2,"href":"https:\/\/cooperativamiramar.com.ar\/index.php?rest_route=\/wp\/v2\/pages\/43\/revisions"}],"predecessor-version":[{"id":90,"href":"https:\/\/cooperativamiramar.com.ar\/index.php?rest_route=\/wp\/v2\/pages\/43\/revisions\/90"}],"up":[{"embeddable":true,"href":"https:\/\/cooperativamiramar.com.ar\/index.php?rest_route=\/wp\/v2\/pages\/14"}],"wp:attachment":[{"href":"https:\/\/cooperativamiramar.com.ar\/index.php?rest_route=%2Fwp%2Fv2%2Fmedia&parent=43"}],"curies":[{"name":"wp","href":"https:\/\/api.w.org\/{rel}","templated":true}]}}