{"id":45,"date":"2023-01-27T11:48:36","date_gmt":"2023-01-27T11:48:36","guid":{"rendered":"https:\/\/cooperativamiramar.com.ar\/?page_id=45"},"modified":"2023-05-03T13:02:59","modified_gmt":"2023-05-03T13:02:59","slug":"autoridades","status":"publish","type":"page","link":"https:\/\/cooperativamiramar.com.ar\/?page_id=45","title":{"rendered":"Autoridades"},"content":{"rendered":"\n<p>Presidente<br><strong>Ra\u00fal Castellino<\/strong><\/p>\n\n\n\n<p>Vicepresidente<br><strong>Eduardo Merlino<\/strong><\/p>\n\n\n\n<p>Secretario<br><strong>Miguel Franco<\/strong><\/p>\n\n\n\n<p>Pro-secretario<br><strong>Carlos Marchetti<\/strong><\/p>\n\n\n\n<p>Tesorero<br><strong>Ra\u00fal Cardo<\/strong><\/p>\n\n\n\n<p>Pro-Tesorero<br><strong>Daniel Vagni<\/strong><\/p>\n\n\n\n<p>Vocales Titulares<\/p>\n\n\n\n<p><strong>Jos\u00e9 Daniel<br>Gerardo Magliano<br>Daniel Vega<\/strong><\/p>\n\n\n\n<p>Vocales Suplentes<\/p>\n\n\n\n<p><strong>Teresa Scubin<br>Liliana Unrein<br>Florencia Beltramo<\/strong><\/p>\n\n\n\n<p>S\u00edndico Titular<\/p>\n\n\n\n<p><strong>Mat\u00edas Michelutti<\/strong><\/p>\n\n\n\n<p>S\u00edndico Suplente<\/p>\n\n\n\n<p><strong>Viviana Carignano<\/strong><\/p>\n","protected":false},"excerpt":{"rendered":"<p>PresidenteRa\u00fal Castellino VicepresidenteEduardo Merlino SecretarioMiguel Franco Pro-secretarioCarlos Marchetti TesoreroRa\u00fal Cardo Pro-TesoreroDaniel Vagni Vocales Titulares Jos\u00e9&#8230;<\/p>\n","protected":false},"author":1,"featured_media":0,"parent":14,"menu_order":2,"comment_status":"closed","ping_status":"closed","template":"","meta":{"footnotes":""},"class_list":["post-45","page","type-page","status-publish","hentry"],"_links":{"self":[{"href":"https:\/\/cooperativamiramar.com.ar\/index.php?rest_route=\/wp\/v2\/pages\/45","targetHints":{"allow":["GET"]}}],"collection":[{"href":"https:\/\/cooperativamiramar.com.ar\/index.php?rest_route=\/wp\/v2\/pages"}],"about":[{"href":"https:\/\/cooperativamiramar.com.ar\/index.php?rest_route=\/wp\/v2\/types\/page"}],"author":[{"embeddable":true,"href":"https:\/\/cooperativamiramar.com.ar\/index.php?rest_route=\/wp\/v2\/users\/1"}],"replies":[{"embeddable":true,"href":"https:\/\/cooperativamiramar.com.ar\/index.php?rest_route=%2Fwp%2Fv2%2Fcomments&post=45"}],"version-history":[{"count":4,"href":"https:\/\/cooperativamiramar.com.ar\/index.php?rest_route=\/wp\/v2\/pages\/45\/revisions"}],"predecessor-version":[{"id":182,"href":"https:\/\/cooperativamiramar.com.ar\/index.php?rest_route=\/wp\/v2\/pages\/45\/revisions\/182"}],"up":[{"embeddable":true,"href":"https:\/\/cooperativamiramar.com.ar\/index.php?rest_route=\/wp\/v2\/pages\/14"}],"wp:attachment":[{"href":"https:\/\/cooperativamiramar.com.ar\/index.php?rest_route=%2Fwp%2Fv2%2Fmedia&parent=45"}],"curies":[{"name":"wp","href":"https:\/\/api.w.org\/{rel}","templated":true}]}}