{"id":47,"date":"2023-01-27T11:49:20","date_gmt":"2023-01-27T11:49:20","guid":{"rendered":"https:\/\/cooperativamiramar.com.ar\/?page_id=47"},"modified":"2023-01-31T10:01:48","modified_gmt":"2023-01-31T10:01:48","slug":"museo-fotografico","status":"publish","type":"page","link":"https:\/\/cooperativamiramar.com.ar\/?page_id=47","title":{"rendered":"Museo Fotogr\u00e1fico"},"content":{"rendered":"\n<p>El Museo Fotografico Dante Marchetti, fundado el 15 de abril del a\u00f1o 2000, es un centro de interpretaci\u00f3n hist\u00f3rica a trav\u00e9s de im\u00e1genes fotogr\u00e1ficas y filmaciones.<\/p>\n\n\n\n<p>Visitarlo es recorrer la historia de Miramar de Ansenuza. Sus or\u00edgenes y el transcurrir del tiempo, sus luchas incansables su construir y reconstruir hasta transformarse en la localidad pujante que es hoy.<\/p>\n\n\n\n<p>Mas de 100 im\u00e1genes fotogr\u00e1ficas expuestas y charlas de 40 minutos de duraci\u00f3n, permiten redescubrir y vivenciar un pasado que sent\u00f3 las bases de este presente. Recorrerlo ayuda a comprender y ser parte.<\/p>\n\n\n\n<p>HORARIOS DE VISITAS<br>Todos los d\u00edas de 10 a 13 hs y de 19 a 22 hs.<\/p>\n\n\n\n<p>Calle libertad 175, Miramar de Ansenuza.<\/p>\n","protected":false},"excerpt":{"rendered":"<p>El Museo Fotografico Dante Marchetti, fundado el 15 de abril del a\u00f1o 2000, es un&#8230;<\/p>\n","protected":false},"author":1,"featured_media":0,"parent":14,"menu_order":3,"comment_status":"closed","ping_status":"closed","template":"","meta":{"footnotes":""},"class_list":["post-47","page","type-page","status-publish","hentry"],"_links":{"self":[{"href":"https:\/\/cooperativamiramar.com.ar\/index.php?rest_route=\/wp\/v2\/pages\/47","targetHints":{"allow":["GET"]}}],"collection":[{"href":"https:\/\/cooperativamiramar.com.ar\/index.php?rest_route=\/wp\/v2\/pages"}],"about":[{"href":"https:\/\/cooperativamiramar.com.ar\/index.php?rest_route=\/wp\/v2\/types\/page"}],"author":[{"embeddable":true,"href":"https:\/\/cooperativamiramar.com.ar\/index.php?rest_route=\/wp\/v2\/users\/1"}],"replies":[{"embeddable":true,"href":"https:\/\/cooperativamiramar.com.ar\/index.php?rest_route=%2Fwp%2Fv2%2Fcomments&post=47"}],"version-history":[{"count":2,"href":"https:\/\/cooperativamiramar.com.ar\/index.php?rest_route=\/wp\/v2\/pages\/47\/revisions"}],"predecessor-version":[{"id":92,"href":"https:\/\/cooperativamiramar.com.ar\/index.php?rest_route=\/wp\/v2\/pages\/47\/revisions\/92"}],"up":[{"embeddable":true,"href":"https:\/\/cooperativamiramar.com.ar\/index.php?rest_route=\/wp\/v2\/pages\/14"}],"wp:attachment":[{"href":"https:\/\/cooperativamiramar.com.ar\/index.php?rest_route=%2Fwp%2Fv2%2Fmedia&parent=47"}],"curies":[{"name":"wp","href":"https:\/\/api.w.org\/{rel}","templated":true}]}}