{"id":59,"date":"2023-01-27T11:55:24","date_gmt":"2023-01-27T11:55:24","guid":{"rendered":"https:\/\/cooperativamiramar.com.ar\/?page_id=59"},"modified":"2023-01-27T11:55:25","modified_gmt":"2023-01-27T11:55:25","slug":"guia-telefonica","status":"publish","type":"page","link":"https:\/\/cooperativamiramar.com.ar\/?page_id=59","title":{"rendered":"Gu\u00eda Telef\u00f3nica"},"content":{"rendered":"\n<p>Los n\u00fameros telef\u00f3nicos de inter\u00e9s en breve<\/p>\n","protected":false},"excerpt":{"rendered":"<p>Los n\u00fameros telef\u00f3nicos de inter\u00e9s en breve<\/p>\n","protected":false},"author":1,"featured_media":0,"parent":19,"menu_order":3,"comment_status":"closed","ping_status":"closed","template":"","meta":{"footnotes":""},"class_list":["post-59","page","type-page","status-publish","hentry"],"_links":{"self":[{"href":"https:\/\/cooperativamiramar.com.ar\/index.php?rest_route=\/wp\/v2\/pages\/59","targetHints":{"allow":["GET"]}}],"collection":[{"href":"https:\/\/cooperativamiramar.com.ar\/index.php?rest_route=\/wp\/v2\/pages"}],"about":[{"href":"https:\/\/cooperativamiramar.com.ar\/index.php?rest_route=\/wp\/v2\/types\/page"}],"author":[{"embeddable":true,"href":"https:\/\/cooperativamiramar.com.ar\/index.php?rest_route=\/wp\/v2\/users\/1"}],"replies":[{"embeddable":true,"href":"https:\/\/cooperativamiramar.com.ar\/index.php?rest_route=%2Fwp%2Fv2%2Fcomments&post=59"}],"version-history":[{"count":1,"href":"https:\/\/cooperativamiramar.com.ar\/index.php?rest_route=\/wp\/v2\/pages\/59\/revisions"}],"predecessor-version":[{"id":60,"href":"https:\/\/cooperativamiramar.com.ar\/index.php?rest_route=\/wp\/v2\/pages\/59\/revisions\/60"}],"up":[{"embeddable":true,"href":"https:\/\/cooperativamiramar.com.ar\/index.php?rest_route=\/wp\/v2\/pages\/19"}],"wp:attachment":[{"href":"https:\/\/cooperativamiramar.com.ar\/index.php?rest_route=%2Fwp%2Fv2%2Fmedia&parent=59"}],"curies":[{"name":"wp","href":"https:\/\/api.w.org\/{rel}","templated":true}]}}